{"id":17,"date":"2022-06-01T10:55:11","date_gmt":"2022-06-01T08:55:11","guid":{"rendered":"https:\/\/projets.fika.fr\/opus-2-parc\/?page_id=17"},"modified":"2023-01-23T10:56:23","modified_gmt":"2023-01-23T09:56:23","slug":"descriptif-technique","status":"publish","type":"page","link":"https:\/\/projets.fika.fr\/opus-2-parc\/descriptif-technique\/","title":{"rendered":"Descriptif technique"},"content":{"rendered":"\t\t<div data-elementor-type=\"wp-page\" data-elementor-id=\"17\" class=\"elementor elementor-17\">\n\t\t\t\t\t\t\t\t\t<section class=\"elementor-section elementor-top-section elementor-element elementor-element-dd59732 elementor-section-full_width elementor-section-height-min-height elementor-section-height-default elementor-section-items-middle\" data-id=\"dd59732\" data-element_type=\"section\" data-settings=\"{&quot;background_background&quot;:&quot;classic&quot;}\">\n\t\t\t\t\t\t\t<div class=\"elementor-background-overlay\"><\/div>\n\t\t\t\t\t\t\t<div class=\"elementor-container elementor-column-gap-default\">\n\t\t\t\t\t<div class=\"elementor-column elementor-col-100 elementor-top-column elementor-element elementor-element-497f2c7\" data-id=\"497f2c7\" data-element_type=\"column\">\n\t\t\t<div class=\"elementor-widget-wrap elementor-element-populated\">\n\t\t\t\t\t\t\t\t<div class=\"elementor-element elementor-element-fc4ed2d elementor-widget elementor-widget-heading\" data-id=\"fc4ed2d\" data-element_type=\"widget\" data-widget_type=\"heading.default\">\n\t\t\t\t<div class=\"elementor-widget-container\">\n\t\t\t<style>\/*! elementor - v3.6.6 - 08-06-2022 *\/\n.elementor-heading-title{padding:0;margin:0;line-height:1}.elementor-widget-heading .elementor-heading-title[class*=elementor-size-]>a{color:inherit;font-size:inherit;line-height:inherit}.elementor-widget-heading .elementor-heading-title.elementor-size-small{font-size:15px}.elementor-widget-heading .elementor-heading-title.elementor-size-medium{font-size:19px}.elementor-widget-heading .elementor-heading-title.elementor-size-large{font-size:29px}.elementor-widget-heading .elementor-heading-title.elementor-size-xl{font-size:39px}.elementor-widget-heading .elementor-heading-title.elementor-size-xxl{font-size:59px}<\/style><h2 class=\"elementor-heading-title elementor-size-default\">Descriptif technique<\/h2>\t\t<\/div>\n\t\t\t\t<\/div>\n\t\t\t\t\t<\/div>\n\t\t<\/div>\n\t\t\t\t\t\t\t<\/div>\n\t\t<\/section>\n\t\t\t\t<section class=\"elementor-section elementor-top-section elementor-element elementor-element-9ba7471 elementor-section-boxed elementor-section-height-default elementor-section-height-default\" data-id=\"9ba7471\" data-element_type=\"section\" data-settings=\"{&quot;background_background&quot;:&quot;classic&quot;}\">\n\t\t\t\t\t\t\t<div class=\"elementor-background-overlay\"><\/div>\n\t\t\t\t\t\t\t<div class=\"elementor-container elementor-column-gap-default\">\n\t\t\t\t\t<div class=\"elementor-column elementor-col-100 elementor-top-column elementor-element elementor-element-6abc4ad\" data-id=\"6abc4ad\" data-element_type=\"column\">\n\t\t\t<div class=\"elementor-widget-wrap elementor-element-populated\">\n\t\t\t\t\t\t\t\t<section class=\"elementor-section elementor-inner-section elementor-element elementor-element-7c2ade8 elementor-section-boxed elementor-section-height-default elementor-section-height-default\" data-id=\"7c2ade8\" data-element_type=\"section\">\n\t\t\t\t\t\t<div class=\"elementor-container elementor-column-gap-default\">\n\t\t\t\t\t<div class=\"elementor-column elementor-col-50 elementor-inner-column elementor-element elementor-element-082dd2f\" data-id=\"082dd2f\" data-element_type=\"column\">\n\t\t\t<div class=\"elementor-widget-wrap elementor-element-populated\">\n\t\t\t\t\t\t\t\t<div class=\"elementor-element elementor-element-24a3817 elementor-widget elementor-widget-heading\" data-id=\"24a3817\" data-element_type=\"widget\" data-widget_type=\"heading.default\">\n\t\t\t\t<div class=\"elementor-widget-container\">\n\t\t\t<h2 class=\"elementor-heading-title elementor-size-default\">DESCRIPTIF SOMMAIRE :<\/h2>\t\t<\/div>\n\t\t\t\t<\/div>\n\t\t\t\t<div class=\"elementor-element elementor-element-f8eec0d elementor-widget elementor-widget-text-editor\" data-id=\"f8eec0d\" data-element_type=\"widget\" data-widget_type=\"text-editor.default\">\n\t\t\t\t<div class=\"elementor-widget-container\">\n\t\t\t<style>\/*! elementor - v3.6.6 - 08-06-2022 *\/\n.elementor-widget-text-editor.elementor-drop-cap-view-stacked .elementor-drop-cap{background-color:#818a91;color:#fff}.elementor-widget-text-editor.elementor-drop-cap-view-framed .elementor-drop-cap{color:#818a91;border:3px solid;background-color:transparent}.elementor-widget-text-editor:not(.elementor-drop-cap-view-default) .elementor-drop-cap{margin-top:8px}.elementor-widget-text-editor:not(.elementor-drop-cap-view-default) .elementor-drop-cap-letter{width:1em;height:1em}.elementor-widget-text-editor .elementor-drop-cap{float:left;text-align:center;line-height:1;font-size:50px}.elementor-widget-text-editor .elementor-drop-cap-letter{display:inline-block}<\/style>\t\t\t\t<ul><li><p data-pm-slice=\"1 1 []\">Hauteur libre : 7 m<\/p><\/li><li><p data-pm-slice=\"1 1 []\">Isolation : bardage double peau, toiture bac acier<\/p><\/li><li><p data-pm-slice=\"1 1 []\">R\u00e9cup\u00e9ration des eaux pluviales, des eaux us\u00e9es<\/p><\/li><li><p data-pm-slice=\"1 1 []\">Charge sur le dallage : 2 tonnes\/m\u00b2<\/p><\/li><li><p data-pm-slice=\"1 1 []\">Mezzanine : 350 kg\/m\u00b2<\/p><\/li><li><p data-pm-slice=\"1 1 []\">Charpente m\u00e9tallique<\/p><\/li><li><p data-pm-slice=\"1 1 []\">Portes sectionnelles \u00e0 d\u00e9battement horizontales<\/p><\/li><li><p data-pm-slice=\"1 1 []\">D\u00e9senfumage conforme \u00e0 la r\u00e9glementation<\/p><\/li><li><p data-pm-slice=\"1 1 []\">Eclairage ext\u00e9rieur full LED<\/p><\/li><\/ul>\t\t\t\t\t\t<\/div>\n\t\t\t\t<\/div>\n\t\t\t\t\t<\/div>\n\t\t<\/div>\n\t\t\t\t<div class=\"elementor-column elementor-col-50 elementor-inner-column elementor-element elementor-element-b7cb1b8\" data-id=\"b7cb1b8\" data-element_type=\"column\" data-settings=\"{&quot;background_background&quot;:&quot;classic&quot;}\">\n\t\t\t<div class=\"elementor-widget-wrap\">\n\t\t\t\t\t\t\t\t\t<\/div>\n\t\t<\/div>\n\t\t\t\t\t\t\t<\/div>\n\t\t<\/section>\n\t\t\t\t<div class=\"elementor-element elementor-element-72b4827 elementor-widget elementor-widget-heading\" data-id=\"72b4827\" data-element_type=\"widget\" data-widget_type=\"heading.default\">\n\t\t\t\t<div class=\"elementor-widget-container\">\n\t\t\t<h2 class=\"elementor-heading-title elementor-size-default\">Caract\u00e9ristiques surfaces de bureaux (mezzanine):<\/h2>\t\t<\/div>\n\t\t\t\t<\/div>\n\t\t\t\t<div class=\"elementor-element elementor-element-e94e914 elementor-widget elementor-widget-text-editor\" data-id=\"e94e914\" data-element_type=\"widget\" data-widget_type=\"text-editor.default\">\n\t\t\t\t<div class=\"elementor-widget-container\">\n\t\t\t\t\t\t\t<ul><li><p data-pm-slice=\"1 1 []\">Brut de b\u00e9ton<\/p><\/li><li><p data-pm-slice=\"1 1 []\">Fluides en attente<\/p><\/li><\/ul>\t\t\t\t\t\t<\/div>\n\t\t\t\t<\/div>\n\t\t\t\t<div class=\"elementor-element elementor-element-8b66e26 elementor-align-left elementor-widget__width-auto elementor-widget elementor-widget-button\" data-id=\"8b66e26\" data-element_type=\"widget\" data-widget_type=\"button.default\">\n\t\t\t\t<div class=\"elementor-widget-container\">\n\t\t\t\t\t<div class=\"elementor-button-wrapper\">\n\t\t\t<a href=\"https:\/\/projets.fika.fr\/opus-2-parc\/accessibilite\/\" class=\"elementor-button-link elementor-button elementor-size-sm\" role=\"button\">\n\t\t\t\t\t\t<span class=\"elementor-button-content-wrapper\">\n\t\t\t\t\t\t<span class=\"elementor-button-text\">D\u00c9COUVREZ L'ENVIRONNEMENT<\/span>\n\t\t<\/span>\n\t\t\t\t\t<\/a>\n\t\t<\/div>\n\t\t\t\t<\/div>\n\t\t\t\t<\/div>\n\t\t\t\t<div class=\"elementor-element elementor-element-ac7262c elementor-align-left elementor-widget__width-auto elementor-widget elementor-widget-button\" data-id=\"ac7262c\" data-element_type=\"widget\" data-widget_type=\"button.default\">\n\t\t\t\t<div class=\"elementor-widget-container\">\n\t\t\t\t\t<div class=\"elementor-button-wrapper\">\n\t\t\t<a href=\"https:\/\/projets.fika.fr\/opus-2-parc\/photos\/\" class=\"elementor-button-link elementor-button elementor-size-sm\" role=\"button\">\n\t\t\t\t\t\t<span class=\"elementor-button-content-wrapper\">\n\t\t\t\t\t\t<span class=\"elementor-button-text\">LES PHOTOS<\/span>\n\t\t<\/span>\n\t\t\t\t\t<\/a>\n\t\t<\/div>\n\t\t\t\t<\/div>\n\t\t\t\t<\/div>\n\t\t\t\t\t<\/div>\n\t\t<\/div>\n\t\t\t\t\t\t\t<\/div>\n\t\t<\/section>\n\t\t\t\t\t\t\t<\/div>\n\t\t","protected":false},"excerpt":{"rendered":"<p>DESCRIPTIF SOMMAIRE : Hauteur libre : 7 m Isolation : bardage double peau, toiture bac acier R\u00e9cup\u00e9ration des eaux pluviales, des eaux us\u00e9es Charge sur le dallage : 2 tonnes\/m\u00b2 Mezzanine : 350 kg\/m\u00b2 Charpente m\u00e9tallique Portes sectionnelles \u00e0 d\u00e9battement horizontales D\u00e9senfumage conforme \u00e0 la r\u00e9glementation Eclairage ext\u00e9rieur full LED Caract\u00e9ristiques surfaces de bureaux (mezzanine): [&hellip;]<\/p>\n","protected":false},"author":1,"featured_media":0,"parent":0,"menu_order":0,"comment_status":"closed","ping_status":"closed","template":"elementor_header_footer","meta":[],"yoast_head":"<!-- This site is optimized with the Yoast SEO plugin v19.1 - https:\/\/yoast.com\/wordpress\/plugins\/seo\/ -->\n<title>Descriptif technique - Opus 2 parc<\/title>\n<meta name=\"robots\" content=\"index, follow, max-snippet:-1, max-image-preview:large, max-video-preview:-1\" \/>\n<link rel=\"canonical\" href=\"https:\/\/projets.fika.fr\/opus-2-parc\/descriptif-technique\/\" \/>\n<meta property=\"og:locale\" content=\"fr_FR\" \/>\n<meta property=\"og:type\" content=\"article\" \/>\n<meta property=\"og:title\" content=\"Descriptif technique - Opus 2 parc\" \/>\n<meta property=\"og:description\" content=\"DESCRIPTIF SOMMAIRE : Hauteur libre : 7 m Isolation : bardage double peau, toiture bac acier R\u00e9cup\u00e9ration des eaux pluviales, des eaux us\u00e9es Charge sur le dallage : 2 tonnes\/m\u00b2 Mezzanine : 350 kg\/m\u00b2 Charpente m\u00e9tallique Portes sectionnelles \u00e0 d\u00e9battement horizontales D\u00e9senfumage conforme \u00e0 la r\u00e9glementation Eclairage ext\u00e9rieur full LED Caract\u00e9ristiques surfaces de bureaux (mezzanine): [&hellip;]\" \/>\n<meta property=\"og:url\" content=\"https:\/\/projets.fika.fr\/opus-2-parc\/descriptif-technique\/\" \/>\n<meta property=\"og:site_name\" content=\"Opus 2 parc\" \/>\n<meta property=\"article:modified_time\" content=\"2023-01-23T09:56:23+00:00\" \/>\n<meta name=\"twitter:card\" content=\"summary_large_image\" \/>\n<meta name=\"twitter:label1\" content=\"Dur\u00e9e de lecture estim\u00e9e\" \/>\n\t<meta name=\"twitter:data1\" content=\"1 minute\" \/>\n<script type=\"application\/ld+json\" class=\"yoast-schema-graph\">{\"@context\":\"https:\/\/schema.org\",\"@graph\":[{\"@type\":\"WebSite\",\"@id\":\"https:\/\/projets.fika.fr\/opus-2-parc\/#website\",\"url\":\"https:\/\/projets.fika.fr\/opus-2-parc\/\",\"name\":\"Opus 2 parc\",\"description\":\"\",\"potentialAction\":[{\"@type\":\"SearchAction\",\"target\":{\"@type\":\"EntryPoint\",\"urlTemplate\":\"https:\/\/projets.fika.fr\/opus-2-parc\/?s={search_term_string}\"},\"query-input\":\"required name=search_term_string\"}],\"inLanguage\":\"fr-FR\"},{\"@type\":\"WebPage\",\"@id\":\"https:\/\/projets.fika.fr\/opus-2-parc\/descriptif-technique\/#webpage\",\"url\":\"https:\/\/projets.fika.fr\/opus-2-parc\/descriptif-technique\/\",\"name\":\"Descriptif technique - Opus 2 parc\",\"isPartOf\":{\"@id\":\"https:\/\/projets.fika.fr\/opus-2-parc\/#website\"},\"datePublished\":\"2022-06-01T08:55:11+00:00\",\"dateModified\":\"2023-01-23T09:56:23+00:00\",\"breadcrumb\":{\"@id\":\"https:\/\/projets.fika.fr\/opus-2-parc\/descriptif-technique\/#breadcrumb\"},\"inLanguage\":\"fr-FR\",\"potentialAction\":[{\"@type\":\"ReadAction\",\"target\":[\"https:\/\/projets.fika.fr\/opus-2-parc\/descriptif-technique\/\"]}]},{\"@type\":\"BreadcrumbList\",\"@id\":\"https:\/\/projets.fika.fr\/opus-2-parc\/descriptif-technique\/#breadcrumb\",\"itemListElement\":[{\"@type\":\"ListItem\",\"position\":1,\"name\":\"Accueil\",\"item\":\"https:\/\/projets.fika.fr\/opus-2-parc\/\"},{\"@type\":\"ListItem\",\"position\":2,\"name\":\"Descriptif technique\"}]}]}<\/script>\n<!-- \/ Yoast SEO plugin. -->","yoast_head_json":{"title":"Descriptif technique - Opus 2 parc","robots":{"index":"index","follow":"follow","max-snippet":"max-snippet:-1","max-image-preview":"max-image-preview:large","max-video-preview":"max-video-preview:-1"},"canonical":"https:\/\/projets.fika.fr\/opus-2-parc\/descriptif-technique\/","og_locale":"fr_FR","og_type":"article","og_title":"Descriptif technique - Opus 2 parc","og_description":"DESCRIPTIF SOMMAIRE : Hauteur libre : 7 m Isolation : bardage double peau, toiture bac acier R\u00e9cup\u00e9ration des eaux pluviales, des eaux us\u00e9es Charge sur le dallage : 2 tonnes\/m\u00b2 Mezzanine : 350 kg\/m\u00b2 Charpente m\u00e9tallique Portes sectionnelles \u00e0 d\u00e9battement horizontales D\u00e9senfumage conforme \u00e0 la r\u00e9glementation Eclairage ext\u00e9rieur full LED Caract\u00e9ristiques surfaces de bureaux (mezzanine): [&hellip;]","og_url":"https:\/\/projets.fika.fr\/opus-2-parc\/descriptif-technique\/","og_site_name":"Opus 2 parc","article_modified_time":"2023-01-23T09:56:23+00:00","twitter_card":"summary_large_image","twitter_misc":{"Dur\u00e9e de lecture estim\u00e9e":"1 minute"},"schema":{"@context":"https:\/\/schema.org","@graph":[{"@type":"WebSite","@id":"https:\/\/projets.fika.fr\/opus-2-parc\/#website","url":"https:\/\/projets.fika.fr\/opus-2-parc\/","name":"Opus 2 parc","description":"","potentialAction":[{"@type":"SearchAction","target":{"@type":"EntryPoint","urlTemplate":"https:\/\/projets.fika.fr\/opus-2-parc\/?s={search_term_string}"},"query-input":"required name=search_term_string"}],"inLanguage":"fr-FR"},{"@type":"WebPage","@id":"https:\/\/projets.fika.fr\/opus-2-parc\/descriptif-technique\/#webpage","url":"https:\/\/projets.fika.fr\/opus-2-parc\/descriptif-technique\/","name":"Descriptif technique - Opus 2 parc","isPartOf":{"@id":"https:\/\/projets.fika.fr\/opus-2-parc\/#website"},"datePublished":"2022-06-01T08:55:11+00:00","dateModified":"2023-01-23T09:56:23+00:00","breadcrumb":{"@id":"https:\/\/projets.fika.fr\/opus-2-parc\/descriptif-technique\/#breadcrumb"},"inLanguage":"fr-FR","potentialAction":[{"@type":"ReadAction","target":["https:\/\/projets.fika.fr\/opus-2-parc\/descriptif-technique\/"]}]},{"@type":"BreadcrumbList","@id":"https:\/\/projets.fika.fr\/opus-2-parc\/descriptif-technique\/#breadcrumb","itemListElement":[{"@type":"ListItem","position":1,"name":"Accueil","item":"https:\/\/projets.fika.fr\/opus-2-parc\/"},{"@type":"ListItem","position":2,"name":"Descriptif technique"}]}]}},"_links":{"self":[{"href":"https:\/\/projets.fika.fr\/opus-2-parc\/wp-json\/wp\/v2\/pages\/17"}],"collection":[{"href":"https:\/\/projets.fika.fr\/opus-2-parc\/wp-json\/wp\/v2\/pages"}],"about":[{"href":"https:\/\/projets.fika.fr\/opus-2-parc\/wp-json\/wp\/v2\/types\/page"}],"author":[{"embeddable":true,"href":"https:\/\/projets.fika.fr\/opus-2-parc\/wp-json\/wp\/v2\/users\/1"}],"replies":[{"embeddable":true,"href":"https:\/\/projets.fika.fr\/opus-2-parc\/wp-json\/wp\/v2\/comments?post=17"}],"version-history":[{"count":31,"href":"https:\/\/projets.fika.fr\/opus-2-parc\/wp-json\/wp\/v2\/pages\/17\/revisions"}],"predecessor-version":[{"id":530,"href":"https:\/\/projets.fika.fr\/opus-2-parc\/wp-json\/wp\/v2\/pages\/17\/revisions\/530"}],"wp:attachment":[{"href":"https:\/\/projets.fika.fr\/opus-2-parc\/wp-json\/wp\/v2\/media?parent=17"}],"curies":[{"name":"wp","href":"https:\/\/api.w.org\/{rel}","templated":true}]}}