{"id":13,"date":"2022-06-01T10:54:21","date_gmt":"2022-06-01T08:54:21","guid":{"rendered":"https:\/\/projets.fika.fr\/opus-2-parc\/?page_id=13"},"modified":"2022-11-09T10:08:55","modified_gmt":"2022-11-09T09:08:55","slug":"accessibilite","status":"publish","type":"page","link":"https:\/\/projets.fika.fr\/opus-2-parc\/accessibilite\/","title":{"rendered":"Accessibilit\u00e9"},"content":{"rendered":"\t\t<div data-elementor-type=\"wp-page\" data-elementor-id=\"13\" class=\"elementor elementor-13\">\n\t\t\t\t\t\t\t\t\t<section class=\"elementor-section elementor-top-section elementor-element elementor-element-6a78ba5 elementor-section-full_width elementor-section-height-min-height elementor-section-height-default elementor-section-items-middle\" data-id=\"6a78ba5\" data-element_type=\"section\" data-settings=\"{&quot;background_background&quot;:&quot;classic&quot;}\">\n\t\t\t\t\t\t\t<div class=\"elementor-background-overlay\"><\/div>\n\t\t\t\t\t\t\t<div class=\"elementor-container elementor-column-gap-default\">\n\t\t\t\t\t<div class=\"elementor-column elementor-col-100 elementor-top-column elementor-element elementor-element-d00d05d\" data-id=\"d00d05d\" data-element_type=\"column\">\n\t\t\t<div class=\"elementor-widget-wrap elementor-element-populated\">\n\t\t\t\t\t\t\t\t<div class=\"elementor-element elementor-element-df7ff4c elementor-widget elementor-widget-heading\" data-id=\"df7ff4c\" data-element_type=\"widget\" data-widget_type=\"heading.default\">\n\t\t\t\t<div class=\"elementor-widget-container\">\n\t\t\t<style>\/*! elementor - v3.6.6 - 08-06-2022 *\/\n.elementor-heading-title{padding:0;margin:0;line-height:1}.elementor-widget-heading .elementor-heading-title[class*=elementor-size-]>a{color:inherit;font-size:inherit;line-height:inherit}.elementor-widget-heading .elementor-heading-title.elementor-size-small{font-size:15px}.elementor-widget-heading .elementor-heading-title.elementor-size-medium{font-size:19px}.elementor-widget-heading .elementor-heading-title.elementor-size-large{font-size:29px}.elementor-widget-heading .elementor-heading-title.elementor-size-xl{font-size:39px}.elementor-widget-heading .elementor-heading-title.elementor-size-xxl{font-size:59px}<\/style><h2 class=\"elementor-heading-title elementor-size-default\">Accessibilit\u00e9<\/h2>\t\t<\/div>\n\t\t\t\t<\/div>\n\t\t\t\t\t<\/div>\n\t\t<\/div>\n\t\t\t\t\t\t\t<\/div>\n\t\t<\/section>\n\t\t\t\t<section class=\"elementor-section elementor-top-section elementor-element elementor-element-b5d96ac elementor-section-boxed elementor-section-height-default elementor-section-height-default\" data-id=\"b5d96ac\" data-element_type=\"section\" data-settings=\"{&quot;background_background&quot;:&quot;classic&quot;}\">\n\t\t\t\t\t\t\t<div class=\"elementor-background-overlay\"><\/div>\n\t\t\t\t\t\t\t<div class=\"elementor-container elementor-column-gap-default\">\n\t\t\t\t\t<div class=\"elementor-column elementor-col-100 elementor-top-column elementor-element elementor-element-263045f\" data-id=\"263045f\" data-element_type=\"column\">\n\t\t\t<div class=\"elementor-widget-wrap elementor-element-populated\">\n\t\t\t\t\t\t\t\t<section class=\"elementor-section elementor-inner-section elementor-element elementor-element-9ea954c elementor-section-boxed elementor-section-height-default elementor-section-height-default\" data-id=\"9ea954c\" data-element_type=\"section\">\n\t\t\t\t\t\t<div class=\"elementor-container elementor-column-gap-default\">\n\t\t\t\t\t<div class=\"elementor-column elementor-col-50 elementor-inner-column elementor-element elementor-element-aba0330\" data-id=\"aba0330\" data-element_type=\"column\">\n\t\t\t<div class=\"elementor-widget-wrap elementor-element-populated\">\n\t\t\t\t\t\t\t\t<div class=\"elementor-element elementor-element-b5040e5 elementor-widget elementor-widget-google_maps\" data-id=\"b5040e5\" data-element_type=\"widget\" data-widget_type=\"google_maps.default\">\n\t\t\t\t<div class=\"elementor-widget-container\">\n\t\t\t<style>\/*! elementor - v3.6.6 - 08-06-2022 *\/\n.elementor-widget-google_maps .elementor-widget-container{overflow:hidden}.elementor-widget-google_maps iframe{height:300px}<\/style>\t\t<div class=\"elementor-custom-embed\">\n\t\t\t<iframe frameborder=\"0\" scrolling=\"no\" marginheight=\"0\" marginwidth=\"0\"\n\t\t\t\t\tsrc=\"https:\/\/maps.google.com\/maps?q=3%20avenue%20Maryse%20Basti%C3%A9%2031570&#038;t=m&#038;z=13&#038;output=embed&#038;iwloc=near\"\n\t\t\t\t\ttitle=\"3 avenue Maryse Basti\u00e9 31570\"\n\t\t\t\t\taria-label=\"3 avenue Maryse Basti\u00e9 31570\"\n\t\t\t><\/iframe>\n\t\t<\/div>\n\t\t\t\t<\/div>\n\t\t\t\t<\/div>\n\t\t\t\t\t<\/div>\n\t\t<\/div>\n\t\t\t\t<div class=\"elementor-column elementor-col-50 elementor-inner-column elementor-element elementor-element-94a9094\" data-id=\"94a9094\" data-element_type=\"column\">\n\t\t\t<div class=\"elementor-widget-wrap elementor-element-populated\">\n\t\t\t\t\t\t\t\t<div class=\"elementor-element elementor-element-95e686d elementor-position-left elementor-vertical-align-middle elementor-widget elementor-widget-image-box\" data-id=\"95e686d\" data-element_type=\"widget\" data-widget_type=\"image-box.default\">\n\t\t\t\t<div class=\"elementor-widget-container\">\n\t\t\t<style>\/*! elementor - v3.6.6 - 08-06-2022 *\/\n.elementor-widget-image-box .elementor-image-box-content{width:100%}@media (min-width:768px){.elementor-widget-image-box.elementor-position-left .elementor-image-box-wrapper,.elementor-widget-image-box.elementor-position-right .elementor-image-box-wrapper{display:-webkit-box;display:-ms-flexbox;display:flex}.elementor-widget-image-box.elementor-position-right .elementor-image-box-wrapper{text-align:right;-webkit-box-orient:horizontal;-webkit-box-direction:reverse;-ms-flex-direction:row-reverse;flex-direction:row-reverse}.elementor-widget-image-box.elementor-position-left .elementor-image-box-wrapper{text-align:left;-webkit-box-orient:horizontal;-webkit-box-direction:normal;-ms-flex-direction:row;flex-direction:row}.elementor-widget-image-box.elementor-position-top .elementor-image-box-img{margin:auto}.elementor-widget-image-box.elementor-vertical-align-top .elementor-image-box-wrapper{-webkit-box-align:start;-ms-flex-align:start;align-items:flex-start}.elementor-widget-image-box.elementor-vertical-align-middle .elementor-image-box-wrapper{-webkit-box-align:center;-ms-flex-align:center;align-items:center}.elementor-widget-image-box.elementor-vertical-align-bottom .elementor-image-box-wrapper{-webkit-box-align:end;-ms-flex-align:end;align-items:flex-end}}@media (max-width:767px){.elementor-widget-image-box .elementor-image-box-img{margin-left:auto!important;margin-right:auto!important;margin-bottom:15px}}.elementor-widget-image-box .elementor-image-box-img{display:inline-block}.elementor-widget-image-box .elementor-image-box-title a{color:inherit}.elementor-widget-image-box .elementor-image-box-wrapper{text-align:center}.elementor-widget-image-box .elementor-image-box-description{margin:0}<\/style><div class=\"elementor-image-box-wrapper\"><figure class=\"elementor-image-box-img\"><img width=\"51\" height=\"51\" src=\"https:\/\/projets.fika.fr\/opus-2-parc\/wp-content\/uploads\/sites\/4\/2022\/06\/46083.png\" class=\"attachment-full size-full\" alt=\"\" loading=\"lazy\" \/><\/figure><div class=\"elementor-image-box-content\"><h3 class=\"elementor-image-box-title\">D 54, M2<\/h3><\/div><\/div>\t\t<\/div>\n\t\t\t\t<\/div>\n\t\t\t\t<div class=\"elementor-element elementor-element-6029498 elementor-position-left elementor-vertical-align-middle elementor-widget elementor-widget-image-box\" data-id=\"6029498\" data-element_type=\"widget\" data-widget_type=\"image-box.default\">\n\t\t\t\t<div class=\"elementor-widget-container\">\n\t\t\t<div class=\"elementor-image-box-wrapper\"><figure class=\"elementor-image-box-img\"><img width=\"52\" height=\"52\" src=\"https:\/\/projets.fika.fr\/opus-2-parc\/wp-content\/uploads\/sites\/4\/2022\/06\/air-planes.png\" class=\"attachment-full size-full\" alt=\"\" loading=\"lazy\" \/><\/figure><div class=\"elementor-image-box-content\"><h3 class=\"elementor-image-box-title\">A\u00e9roport Toulouse-Blagnac \u00e0 30 Km<\/h3><\/div><\/div>\t\t<\/div>\n\t\t\t\t<\/div>\n\t\t\t\t\t<\/div>\n\t\t<\/div>\n\t\t\t\t\t\t\t<\/div>\n\t\t<\/section>\n\t\t\t\t\t<\/div>\n\t\t<\/div>\n\t\t\t\t\t\t\t<\/div>\n\t\t<\/section>\n\t\t\t\t\t\t\t<\/div>\n\t\t","protected":false},"excerpt":{"rendered":"<p>D 54, M2 A\u00e9roport Toulouse-Blagnac \u00e0 30 Km<\/p>\n","protected":false},"author":1,"featured_media":0,"parent":0,"menu_order":0,"comment_status":"closed","ping_status":"closed","template":"elementor_header_footer","meta":[],"yoast_head":"<!-- This site is optimized with the Yoast SEO plugin v19.1 - https:\/\/yoast.com\/wordpress\/plugins\/seo\/ -->\n<title>Accessibilit\u00e9 - Opus 2 parc<\/title>\n<meta name=\"robots\" content=\"index, follow, max-snippet:-1, max-image-preview:large, max-video-preview:-1\" \/>\n<link rel=\"canonical\" href=\"https:\/\/projets.fika.fr\/opus-2-parc\/accessibilite\/\" \/>\n<meta property=\"og:locale\" content=\"fr_FR\" \/>\n<meta property=\"og:type\" content=\"article\" \/>\n<meta property=\"og:title\" content=\"Accessibilit\u00e9 - Opus 2 parc\" \/>\n<meta property=\"og:description\" content=\"D 54, M2 A\u00e9roport Toulouse-Blagnac \u00e0 30 Km\" \/>\n<meta property=\"og:url\" content=\"https:\/\/projets.fika.fr\/opus-2-parc\/accessibilite\/\" \/>\n<meta property=\"og:site_name\" content=\"Opus 2 parc\" \/>\n<meta property=\"article:modified_time\" content=\"2022-11-09T09:08:55+00:00\" \/>\n<meta property=\"og:image\" content=\"https:\/\/projets.fika.fr\/opus-2-parc\/wp-content\/uploads\/sites\/4\/2022\/06\/46083.png\" \/>\n<meta name=\"twitter:card\" content=\"summary_large_image\" \/>\n<meta name=\"twitter:label1\" content=\"Dur\u00e9e de lecture estim\u00e9e\" \/>\n\t<meta name=\"twitter:data1\" content=\"1 minute\" \/>\n<script type=\"application\/ld+json\" class=\"yoast-schema-graph\">{\"@context\":\"https:\/\/schema.org\",\"@graph\":[{\"@type\":\"WebSite\",\"@id\":\"https:\/\/projets.fika.fr\/opus-2-parc\/#website\",\"url\":\"https:\/\/projets.fika.fr\/opus-2-parc\/\",\"name\":\"Opus 2 parc\",\"description\":\"\",\"potentialAction\":[{\"@type\":\"SearchAction\",\"target\":{\"@type\":\"EntryPoint\",\"urlTemplate\":\"https:\/\/projets.fika.fr\/opus-2-parc\/?s={search_term_string}\"},\"query-input\":\"required name=search_term_string\"}],\"inLanguage\":\"fr-FR\"},{\"@type\":\"ImageObject\",\"inLanguage\":\"fr-FR\",\"@id\":\"https:\/\/projets.fika.fr\/opus-2-parc\/accessibilite\/#primaryimage\",\"url\":\"https:\/\/projets.fika.fr\/opus-2-parc\/wp-content\/uploads\/sites\/4\/2022\/06\/46083.png\",\"contentUrl\":\"https:\/\/projets.fika.fr\/opus-2-parc\/wp-content\/uploads\/sites\/4\/2022\/06\/46083.png\",\"width\":51,\"height\":51},{\"@type\":\"WebPage\",\"@id\":\"https:\/\/projets.fika.fr\/opus-2-parc\/accessibilite\/#webpage\",\"url\":\"https:\/\/projets.fika.fr\/opus-2-parc\/accessibilite\/\",\"name\":\"Accessibilit\u00e9 - Opus 2 parc\",\"isPartOf\":{\"@id\":\"https:\/\/projets.fika.fr\/opus-2-parc\/#website\"},\"primaryImageOfPage\":{\"@id\":\"https:\/\/projets.fika.fr\/opus-2-parc\/accessibilite\/#primaryimage\"},\"datePublished\":\"2022-06-01T08:54:21+00:00\",\"dateModified\":\"2022-11-09T09:08:55+00:00\",\"breadcrumb\":{\"@id\":\"https:\/\/projets.fika.fr\/opus-2-parc\/accessibilite\/#breadcrumb\"},\"inLanguage\":\"fr-FR\",\"potentialAction\":[{\"@type\":\"ReadAction\",\"target\":[\"https:\/\/projets.fika.fr\/opus-2-parc\/accessibilite\/\"]}]},{\"@type\":\"BreadcrumbList\",\"@id\":\"https:\/\/projets.fika.fr\/opus-2-parc\/accessibilite\/#breadcrumb\",\"itemListElement\":[{\"@type\":\"ListItem\",\"position\":1,\"name\":\"Accueil\",\"item\":\"https:\/\/projets.fika.fr\/opus-2-parc\/\"},{\"@type\":\"ListItem\",\"position\":2,\"name\":\"Accessibilit\u00e9\"}]}]}<\/script>\n<!-- \/ Yoast SEO plugin. -->","yoast_head_json":{"title":"Accessibilit\u00e9 - Opus 2 parc","robots":{"index":"index","follow":"follow","max-snippet":"max-snippet:-1","max-image-preview":"max-image-preview:large","max-video-preview":"max-video-preview:-1"},"canonical":"https:\/\/projets.fika.fr\/opus-2-parc\/accessibilite\/","og_locale":"fr_FR","og_type":"article","og_title":"Accessibilit\u00e9 - Opus 2 parc","og_description":"D 54, M2 A\u00e9roport Toulouse-Blagnac \u00e0 30 Km","og_url":"https:\/\/projets.fika.fr\/opus-2-parc\/accessibilite\/","og_site_name":"Opus 2 parc","article_modified_time":"2022-11-09T09:08:55+00:00","og_image":[{"url":"https:\/\/projets.fika.fr\/opus-2-parc\/wp-content\/uploads\/sites\/4\/2022\/06\/46083.png"}],"twitter_card":"summary_large_image","twitter_misc":{"Dur\u00e9e de lecture estim\u00e9e":"1 minute"},"schema":{"@context":"https:\/\/schema.org","@graph":[{"@type":"WebSite","@id":"https:\/\/projets.fika.fr\/opus-2-parc\/#website","url":"https:\/\/projets.fika.fr\/opus-2-parc\/","name":"Opus 2 parc","description":"","potentialAction":[{"@type":"SearchAction","target":{"@type":"EntryPoint","urlTemplate":"https:\/\/projets.fika.fr\/opus-2-parc\/?s={search_term_string}"},"query-input":"required name=search_term_string"}],"inLanguage":"fr-FR"},{"@type":"ImageObject","inLanguage":"fr-FR","@id":"https:\/\/projets.fika.fr\/opus-2-parc\/accessibilite\/#primaryimage","url":"https:\/\/projets.fika.fr\/opus-2-parc\/wp-content\/uploads\/sites\/4\/2022\/06\/46083.png","contentUrl":"https:\/\/projets.fika.fr\/opus-2-parc\/wp-content\/uploads\/sites\/4\/2022\/06\/46083.png","width":51,"height":51},{"@type":"WebPage","@id":"https:\/\/projets.fika.fr\/opus-2-parc\/accessibilite\/#webpage","url":"https:\/\/projets.fika.fr\/opus-2-parc\/accessibilite\/","name":"Accessibilit\u00e9 - Opus 2 parc","isPartOf":{"@id":"https:\/\/projets.fika.fr\/opus-2-parc\/#website"},"primaryImageOfPage":{"@id":"https:\/\/projets.fika.fr\/opus-2-parc\/accessibilite\/#primaryimage"},"datePublished":"2022-06-01T08:54:21+00:00","dateModified":"2022-11-09T09:08:55+00:00","breadcrumb":{"@id":"https:\/\/projets.fika.fr\/opus-2-parc\/accessibilite\/#breadcrumb"},"inLanguage":"fr-FR","potentialAction":[{"@type":"ReadAction","target":["https:\/\/projets.fika.fr\/opus-2-parc\/accessibilite\/"]}]},{"@type":"BreadcrumbList","@id":"https:\/\/projets.fika.fr\/opus-2-parc\/accessibilite\/#breadcrumb","itemListElement":[{"@type":"ListItem","position":1,"name":"Accueil","item":"https:\/\/projets.fika.fr\/opus-2-parc\/"},{"@type":"ListItem","position":2,"name":"Accessibilit\u00e9"}]}]}},"_links":{"self":[{"href":"https:\/\/projets.fika.fr\/opus-2-parc\/wp-json\/wp\/v2\/pages\/13"}],"collection":[{"href":"https:\/\/projets.fika.fr\/opus-2-parc\/wp-json\/wp\/v2\/pages"}],"about":[{"href":"https:\/\/projets.fika.fr\/opus-2-parc\/wp-json\/wp\/v2\/types\/page"}],"author":[{"embeddable":true,"href":"https:\/\/projets.fika.fr\/opus-2-parc\/wp-json\/wp\/v2\/users\/1"}],"replies":[{"embeddable":true,"href":"https:\/\/projets.fika.fr\/opus-2-parc\/wp-json\/wp\/v2\/comments?post=13"}],"version-history":[{"count":26,"href":"https:\/\/projets.fika.fr\/opus-2-parc\/wp-json\/wp\/v2\/pages\/13\/revisions"}],"predecessor-version":[{"id":471,"href":"https:\/\/projets.fika.fr\/opus-2-parc\/wp-json\/wp\/v2\/pages\/13\/revisions\/471"}],"wp:attachment":[{"href":"https:\/\/projets.fika.fr\/opus-2-parc\/wp-json\/wp\/v2\/media?parent=13"}],"curies":[{"name":"wp","href":"https:\/\/api.w.org\/{rel}","templated":true}]}}